{"id":574,"date":"2019-02-22T18:56:15","date_gmt":"2019-02-22T18:56:15","guid":{"rendered":"http:\/\/www.torbali5noluasm.com\/Yeni\/?page_id=574"},"modified":"2020-03-05T05:55:18","modified_gmt":"2020-03-05T05:55:18","slug":"iletisim","status":"publish","type":"page","link":"http:\/\/www.torbali5noluasm.com\/Yeni\/iletisim\/","title":{"rendered":"\u0130LET\u0130\u015e\u0130M"},"content":{"rendered":"\r\n<p><b>Adres :<\/b>\u00a0Muratbey Mahallesi, Atilla Sunar Cd., no12 35860 Torbal\u0131\/\u0130zmir.<br \/>\u0130l Sa\u011fl\u0131k Md. l\u00fc\u011f\u00fc: Tel: 441 81 11\/444 30 01 S\u00fcmer Mah. 451 sk. no: 2 Konak<br \/>Torbal\u0131 \u0130l\u00e7e Sa\u011fl\u0131k Md.l\u00fc\u011f\u00fc:<br \/>0232 856 16 27 Ertu\u011frul Mah. 3117 Sk. No: 11 Torbal\u0131<\/p>\r\n<p>&nbsp;<\/p>\r\n<iframe loading=\"lazy\" src=\"https:\/\/www.google.com\/maps\/embed?pb=!1m18!1m12!1m3!1d3137.5648068928494!2d27.352119315157445!3d38.15031119823756!2m3!1f0!2f0!3f0!3m2!1i1024!2i768!4f13.1!3m3!1m2!1s0x14b95b2e6a9e0cc3%3A0xfc2e774adb7ad6e7!2sMuratbey%2C%20Atilla%20Sunar%20Cd.%20No%3A12%2C%2035860%20Torbal%C4%B1%2F%C4%B0zmir!5e0!3m2!1str!2str!4v1583391253958!5m2!1str!2str\" width=\"500\" height=\"400\" frameborder=\"0\" style=\"border:0;\" allowfullscreen=\"\"><\/iframe>\r\n<p>&nbsp;<\/p>\r\n","protected":false},"excerpt":{"rendered":"<p>Adres :\u00a0Muratbey Mahallesi, Atilla Sunar Cd., no12 35860 Torbal\u0131\/\u0130zmir.\u0130l Sa\u011fl\u0131k Md. l\u00fc\u011f\u00fc: Tel: 441 81 11\/444 30 01 S\u00fcmer Mah. 451 sk. no: 2 KonakTorbal\u0131&#8230;<\/p>\n","protected":false},"author":1,"featured_media":0,"parent":0,"menu_order":0,"comment_status":"closed","ping_status":"closed","template":"","meta":{"ngg_post_thumbnail":0,"footnotes":""},"class_list":["post-574","page","type-page","status-publish","hentry","entry"],"_links":{"self":[{"href":"http:\/\/www.torbali5noluasm.com\/Yeni\/wp-json\/wp\/v2\/pages\/574","targetHints":{"allow":["GET"]}}],"collection":[{"href":"http:\/\/www.torbali5noluasm.com\/Yeni\/wp-json\/wp\/v2\/pages"}],"about":[{"href":"http:\/\/www.torbali5noluasm.com\/Yeni\/wp-json\/wp\/v2\/types\/page"}],"author":[{"embeddable":true,"href":"http:\/\/www.torbali5noluasm.com\/Yeni\/wp-json\/wp\/v2\/users\/1"}],"replies":[{"embeddable":true,"href":"http:\/\/www.torbali5noluasm.com\/Yeni\/wp-json\/wp\/v2\/comments?post=574"}],"version-history":[{"count":11,"href":"http:\/\/www.torbali5noluasm.com\/Yeni\/wp-json\/wp\/v2\/pages\/574\/revisions"}],"predecessor-version":[{"id":738,"href":"http:\/\/www.torbali5noluasm.com\/Yeni\/wp-json\/wp\/v2\/pages\/574\/revisions\/738"}],"wp:attachment":[{"href":"http:\/\/www.torbali5noluasm.com\/Yeni\/wp-json\/wp\/v2\/media?parent=574"}],"curies":[{"name":"wp","href":"https:\/\/api.w.org\/{rel}","templated":true}]}}